{"id":587,"date":"2026-03-19T22:54:22","date_gmt":"2026-03-19T21:54:22","guid":{"rendered":"https:\/\/kratomanalytik.de\/?page_id=587"},"modified":"2026-03-19T23:18:26","modified_gmt":"2026-03-19T22:18:26","slug":"impressum","status":"publish","type":"page","link":"https:\/\/kratomanalytik.de\/en\/impressum\/","title":{"rendered":"Impressum"},"content":{"rendered":"<h2 class=\"wp-block-heading\" style=\"margin-top:0;margin-bottom:0\">Impressum<\/h2>\n\n\n<style>.wp-block-kadence-advancedbtn.kb-btns587_4cef9b-e8{gap:var(--global-kb-gap-xs, 0.5rem );justify-content:flex-start;align-items:center;}.kt-btns587_4cef9b-e8 .kt-button{font-weight:normal;font-style:normal;}.kt-btns587_4cef9b-e8 .kt-btn-wrap-0{margin-right:5px;}.wp-block-kadence-advancedbtn.kt-btns587_4cef9b-e8 .kt-btn-wrap-0 .kt-button{color:#555555;border-color:#555555;}.wp-block-kadence-advancedbtn.kt-btns587_4cef9b-e8 .kt-btn-wrap-0 .kt-button:hover, .wp-block-kadence-advancedbtn.kt-btns587_4cef9b-e8 .kt-btn-wrap-0 .kt-button:focus{color:#ffffff;border-color:#444444;}.wp-block-kadence-advancedbtn.kt-btns587_4cef9b-e8 .kt-btn-wrap-0 .kt-button::before{display:none;}.wp-block-kadence-advancedbtn.kt-btns587_4cef9b-e8 .kt-btn-wrap-0 .kt-button:hover, .wp-block-kadence-advancedbtn.kt-btns587_4cef9b-e8 .kt-btn-wrap-0 .kt-button:focus{background:#444444;}<\/style>\n<div class=\"wp-block-kadence-advancedbtn kb-buttons-wrap kb-btns587_4cef9b-e8\"><style>ul.menu .wp-block-kadence-advancedbtn .kb-btn587_34031d-eb.kb-button{width:initial;}.wp-block-kadence-advancedbtn .kb-btn587_34031d-eb.kb-button{padding-top:0px;margin-top:var(--global-kb-spacing-sm, 1.5rem);}<\/style><a class=\"kb-button kt-button button kb-btn587_34031d-eb kt-btn-size-standard kt-btn-width-type-auto kb-btn-global-fill  kt-btn-has-text-true kt-btn-has-svg-false  wp-block-kadence-singlebtn\" href=\"https:\/\/kratomanalytik.de\/en\/\"><span class=\"kt-btn-inner-text\">Home<\/span><\/a><\/div>\n\n\n\n<p><strong>Diensteanbieter<\/strong><br>EMTO GmbH<br>F\u00fcrstenackerstr. 18<br>81477 M\u00fcnchen<br>Deutschland<\/p>\n\n\n\n<p><strong>Vertreten durch<\/strong><br>Dr. J\u00f6rg Stierstorfer<\/p>\n\n\n\n<p><strong>Kontakt<\/strong><br>+491704708192<br>info@kratomanalytik.de<\/p>\n\n\n\n<p><strong>Registereintrag<\/strong><br>Eingetragen im Handelsregister.<br>Registergericht:&nbsp;Amtsgericht M\u00fcnchen<br>Registernummer:&nbsp;HRB 237555<\/p>\n\n\n\n<p><strong>Umsatzsteuer<\/strong><br>Umsatzsteuer-Identifikationsnummer gem\u00e4\u00df \u00a7 27a UStG:&nbsp;DE315880297<\/p>\n\n\n\n<p><strong>Inhaltlich Verantwortlicher<\/strong><br>Verantwortlich i. S. d. \u00a7 18 Abs. 2 MStV:&nbsp;Marcus Lommel,&nbsp;Gelbhofstr. 22, 81375 M\u00fcnchen<\/p>\n\n\n\n<p><strong>Verbraucherstreitbeilegung<\/strong><br>Wir sind&nbsp;nicht&nbsp;verpflichtet und&nbsp;nicht&nbsp;bereit, an Streitbeilegungsverfahren vor einer Verbraucherschlichtungsstelle teilzunehmen.<\/p>","protected":false},"excerpt":{"rendered":"<p>Impressum DiensteanbieterEMTO GmbHF\u00fcrstenackerstr. 1881477 M\u00fcnchenDeutschland Vertreten durchDr. J\u00f6rg Stierstorfer Kontakt+491704708192info@kratomanalytik.de RegistereintragEingetragen im Handelsregister.Registergericht:&nbsp;Amtsgericht M\u00fcnchenRegisternummer:&nbsp;HRB 237555 UmsatzsteuerUmsatzsteuer-Identifikationsnummer gem\u00e4\u00df \u00a7 27a UStG:&nbsp;DE315880297 Inhaltlich VerantwortlicherVerantwortlich i. S. d. \u00a7 18 Abs. 2 MStV:&nbsp;Marcus Lommel,&nbsp;Gelbhofstr. 22, 81375 M\u00fcnchen VerbraucherstreitbeilegungWir sind&nbsp;nicht&nbsp;verpflichtet und&nbsp;nicht&nbsp;bereit, an Streitbeilegungsverfahren vor einer Verbraucherschlichtungsstelle teilzunehmen.<\/p>","protected":false},"author":1,"featured_media":0,"parent":0,"menu_order":0,"comment_status":"closed","ping_status":"closed","template":"","meta":{"_kadence_starter_templates_imported_post":false,"_kad_post_transparent":"disable","_kad_post_title":"default","_kad_post_layout":"normal","_kad_post_sidebar_id":"","_kad_post_content_style":"","_kad_post_vertical_padding":"","_kad_post_feature":"","_kad_post_feature_position":"","_kad_post_header":true,"_kad_post_footer":false,"_kad_post_classname":"","footnotes":""},"class_list":["post-587","page","type-page","status-publish","hentry"],"_links":{"self":[{"href":"https:\/\/kratomanalytik.de\/en\/wp-json\/wp\/v2\/pages\/587","targetHints":{"allow":["GET"]}}],"collection":[{"href":"https:\/\/kratomanalytik.de\/en\/wp-json\/wp\/v2\/pages"}],"about":[{"href":"https:\/\/kratomanalytik.de\/en\/wp-json\/wp\/v2\/types\/page"}],"author":[{"embeddable":true,"href":"https:\/\/kratomanalytik.de\/en\/wp-json\/wp\/v2\/users\/1"}],"replies":[{"embeddable":true,"href":"https:\/\/kratomanalytik.de\/en\/wp-json\/wp\/v2\/comments?post=587"}],"version-history":[{"count":9,"href":"https:\/\/kratomanalytik.de\/en\/wp-json\/wp\/v2\/pages\/587\/revisions"}],"predecessor-version":[{"id":598,"href":"https:\/\/kratomanalytik.de\/en\/wp-json\/wp\/v2\/pages\/587\/revisions\/598"}],"wp:attachment":[{"href":"https:\/\/kratomanalytik.de\/en\/wp-json\/wp\/v2\/media?parent=587"}],"curies":[{"name":"wp","href":"https:\/\/api.w.org\/{rel}","templated":true}]}}